{"id":262,"date":"2017-04-04T21:36:00","date_gmt":"2017-04-04T19:36:00","guid":{"rendered":"http:\/\/www.kido-shiatsu.at\/?page_id=262"},"modified":"2018-12-31T15:03:46","modified_gmt":"2018-12-31T14:03:46","slug":"impressum","status":"publish","type":"page","link":"http:\/\/www.kido-shiatsu.at\/?page_id=262","title":{"rendered":"Impressum"},"content":{"rendered":"<p>Informationspflicht laut \u00a75 E-Commerce Gesetz, \u00a714 Unternehmensgesetzbuch, \u00a763 Gewerbeordnung und Offenlegungspflicht laut \u00a725 Mediengesetz<\/p>\n<p>Nico Pelz, Bakk.<br \/>\nKIDO SHIATSU<br \/>\nAlszeile 118\/7\/7, 1170 Wien, \u00d6sterreich<br \/>\nTel.: +43 650 436 97 19<br \/>\nE-Mail: nico@kido-shiatsu.at<\/p>\n<p>&nbsp;<\/p>\n<h3><strong>Haftungsausschluss<\/strong><\/h3>\n<p>Dieser Haftungsausschluss ist als Teil des Internetangebotes zu betrachten, von dem aus auf diese Webseite verwiesen wurde. Sofern Teile oder einzelne Formulierungen dieses Textes der geltenden Rechtslage nicht, nicht mehr oder nicht vollst\u00e4ndig entsprechen sollten, bleiben die \u00fcbrigen Teile des Dokumentes in ihrem Inhalt und ihrer G\u00fcltigkeit davon unber\u00fchrt.<\/p>\n<p><strong>Haftung f\u00fcr Inhalte dieser Webseite<\/strong><br \/>\nDie Inhalte meiner Seiten wurden mit gr\u00f6\u00dfter Sorgfalt erstellt. F\u00fcr die Richtigkeit, Vollst\u00e4ndigkeit und Aktualit\u00e4t der Inhalte kann ich jedoch keine Gew\u00e4hr \u00fcbernehmen. Als Diensteanbieter bin ich f\u00fcr eigene Inhalte auf diesen Seiten nach den allgemeinen Gesetzen verantwortlich. Ich bin jedoch nicht verpflichtet, \u00fcbermittelte oder gespeicherte fremde Informationen zu \u00fcberwachen oder nach Umst\u00e4nden zu forschen, die auf eine rechtswidrige T\u00e4tigkeit hinweisen. Verpflichtungen zur Entfernung oder Sperrung der Nutzung von Informationen nach den allgemeinen Gesetzen bleiben hiervon unber\u00fchrt. Eine diesbez\u00fcgliche Haftung ist jedoch erst ab dem Zeitpunkt der Kenntnis einer konkreten Rechtsverletzung m\u00f6glich. Bei Bekanntwerden von entsprechenden Rechtsverletzungen werden wir diese Inhalte umgehend entfernen.<br \/>\n<strong><br \/>\nHaftung f\u00fcr Links auf Webseiten Dritter<\/strong><br \/>\nMein Angebot enth\u00e4lt u.U. Links zu externen Websites. Auf den Inhalt dieser externen Webseiten habe ich keinerlei Einfluss. Deshalb kann ich f\u00fcr diese fremden Inhalte auch keine Gew\u00e4hr \u00fcbernehmen. F\u00fcr die Inhalte der verlinkten Seiten ist stets der jeweilige Anbieter oder Betreiber der Seiten verantwortlich. Die verlinkten Seiten wurden zum Zeitpunkt der Verlinkung auf m\u00f6gliche Rechtsverst\u00f6\u00dfe \u00fcberpr\u00fcft. Rechtswidrige Inhalte waren zum Zeitpunkt der Verlinkung nicht erkennbar. Eine permanente inhaltliche Kontrolle der verlinkten Seiten ist jedoch ohne konkrete Anhaltspunkte einer Rechtsverletzung nicht zumutbar. Bei Bekanntwerden von Rechtsverletzungen werde ich derartige Links umgehend entfernen.<br \/>\n<strong><br \/>\nUrheberrecht<\/strong><br \/>\nDer Betreiber dieser Webseite ist bem\u00fcht, stets die Urheberrechte anderer zu beachten bzw. auf selbst erstellte sowie lizenzfreie Werke zur\u00fcckzugreifen. Die durch den Seitenbetreiber erstellten Inhalte und Werke auf dieser Webseite unterliegen dem Urheberrecht. Beitr\u00e4ge Dritter sind als solche gekennzeichnet. Die Vervielf\u00e4ltigung, Bearbeitung, Verbreitung und jede Art der Verwertung au\u00dferhalb der Grenzen des Urheberrechtes bed\u00fcrfen der schriftlichen Zustimmung des jeweiligen Autors bzw. Erstellers. Downloads und Kopien dieser Seite sind nur f\u00fcr den privaten, nicht kommerziellen Gebrauch gestattet.<\/p>\n<p>Erstellt mit dem Impressum Generator von <a href=\"http:\/\/www.firmenwebseiten.at\/impressum-generator\/\">firmenwebseiten.at<\/a><\/p>\n<p>Copyright Portraitfoto: Dr. Cristina Cojanu Latschenberger<\/p>\n","protected":false},"excerpt":{"rendered":"<p>Informationspflicht laut \u00a75 E-Commerce Gesetz, \u00a714 Unternehmensgesetzbuch, \u00a763 Gewerbeordnung und Offenlegungspflicht laut \u00a725 Mediengesetz Nico Pelz, Bakk. KIDO SHIATSU Alszeile 118\/7\/7, 1170 Wien, \u00d6sterreich Tel.: +43 650 436 97 19 E-Mail: nico@kido-shiatsu.at &nbsp; Haftungsausschluss Dieser Haftungsausschluss ist als Teil des Internetangebotes zu betrachten, von dem aus auf diese Webseite verwiesen wurde. Sofern Teile oder einzelne [&hellip;]<\/p>\n","protected":false},"author":1,"featured_media":0,"parent":0,"menu_order":0,"comment_status":"closed","ping_status":"closed","template":"","meta":{"footnotes":""},"class_list":["post-262","page","type-page","status-publish","hentry"],"_links":{"self":[{"href":"http:\/\/www.kido-shiatsu.at\/index.php?rest_route=\/wp\/v2\/pages\/262","targetHints":{"allow":["GET"]}}],"collection":[{"href":"http:\/\/www.kido-shiatsu.at\/index.php?rest_route=\/wp\/v2\/pages"}],"about":[{"href":"http:\/\/www.kido-shiatsu.at\/index.php?rest_route=\/wp\/v2\/types\/page"}],"author":[{"embeddable":true,"href":"http:\/\/www.kido-shiatsu.at\/index.php?rest_route=\/wp\/v2\/users\/1"}],"replies":[{"embeddable":true,"href":"http:\/\/www.kido-shiatsu.at\/index.php?rest_route=%2Fwp%2Fv2%2Fcomments&post=262"}],"version-history":[{"count":9,"href":"http:\/\/www.kido-shiatsu.at\/index.php?rest_route=\/wp\/v2\/pages\/262\/revisions"}],"predecessor-version":[{"id":320,"href":"http:\/\/www.kido-shiatsu.at\/index.php?rest_route=\/wp\/v2\/pages\/262\/revisions\/320"}],"wp:attachment":[{"href":"http:\/\/www.kido-shiatsu.at\/index.php?rest_route=%2Fwp%2Fv2%2Fmedia&parent=262"}],"curies":[{"name":"wp","href":"https:\/\/api.w.org\/{rel}","templated":true}]}}