{"id":282,"date":"2018-06-17T17:42:21","date_gmt":"2018-06-17T15:42:21","guid":{"rendered":"http:\/\/www.kido-shiatsu.at\/?page_id=282"},"modified":"2024-05-03T12:07:31","modified_gmt":"2024-05-03T10:07:31","slug":"datenschutzerklaerung","status":"publish","type":"page","link":"http:\/\/www.kido-shiatsu.at\/?page_id=282","title":{"rendered":"Datenschutzerkl\u00e4rung"},"content":{"rendered":"<h3><strong>Datenschutzerkl\u00e4rung<\/strong><\/h3>\n<p>Der Schutz Ihrer pers\u00f6nlichen Daten ist mir ein besonderes Anliegen. Ich verarbeite Ihre Daten daher ausschlie\u00dflich auf Grundlage der gesetzlichen Bestimmungen (DSGVO, TKG 2003). In diesen Datenschutzinformationen informieren ich Sie \u00fcber die wichtigsten Aspekte der Datenverarbeitung im Rahmen unserer Website.<\/p>\n<p>Der Schutz Ihrer Privatsph\u00e4re bei der Verarbeitung pers\u00f6nlicher Daten ist f\u00fcr mich ein wichtiges Anliegen. Wenn Sie meine Webseite besuchen, speichern meine Webserver standardm\u00e4\u00dfig die IP Ihres Internet Service Provider, die Webseite, von der aus Sie mich besuchen, die Webseiten, die Sie bei mir besuchen sowie das Datum und die Dauer des Besuches. Diese Informationen sind f\u00fcr die technische \u00dcbertragung der Webseiten und den sicheren Serverbetrieb zwingend erforderlich. Eine personalisierte Auswertung dieser Daten erfolgt nicht.<\/p>\n<p>Sofern Sie mir Daten per Kontakt-Formular senden, werden diese Daten im Zuge der Datensicherung auf meinen Servern gespeichert. Ihre Daten werden von mir ausschlie\u00dflich zur Bearbeitung Ihres Anliegens verwendet. Ihre Daten werden streng vertraulich behandelt. Eine Weitergabe an Dritte erfolgt nicht.<\/p>\n<p>Sie erreichen mich unter folgenden Kontaktdaten:<br \/>\nNico Pelz, Bakk.<br \/>\nKIDO SHIATSU<br \/>\nAlszeile 118\/7\/7, 1170 Wien, \u00d6sterreich<br \/>\nTel.: +43 650 436 97 19<br \/>\nE-Mail: nico@kido-shiatsu.at<\/p>\n<p><strong>Personenbezogene Daten<br \/>\n<\/strong>Personenbezogene Daten sind Daten \u00fcber Ihre Person. Diese beinhalten Ihren Namen, Ihre Adresse und Ihre Email Adresse. Sie m\u00fcssen auch keine personenbezogenen Daten preisgeben um meine Internetseiten besuchen zu k\u00f6nnen. In einigen F\u00e4llen ben\u00f6tige ich\u00a0 Ihren Namen und Adresse sowie weitere Informationen um Ihnen die gew\u00fcnschte Dienstleistung anbieten zu k\u00f6nnen.<\/p>\n<p>Das Gleiche gilt f\u00fcr den Fall, dass ich Sie auf Wunsch mit Informationsmaterial beliefere bzw. wenn ich Ihre Anfragen beantworte. In diesen F\u00e4llen werden ich Sie immer darauf hinweisen. Au\u00dferdem speichere ich nur die Daten, die Sie mir automatisch oder freiwillig \u00fcbermittelt haben.<\/p>\n<p><strong>Automatisch gespeicherte nicht personenbezogene Daten<br \/>\n<\/strong>Wenn Sie meine Internetseiten besuchen, speicher ich aus administrativen und technischen Gr\u00fcnden bestimmte Informationen. Diese sind: Typ und Version des verwendeten Browsers, Datum und Uhrzeit des Zugriffs, sowie die IP Adresse.<\/p>\n<p>Diese Daten werden anonymisiert und lediglich f\u00fcr statistische Zwecke bzw. daf\u00fcr verwendet, unsere Internet- und Onlinedienste zu verbessern.<\/p>\n<p>Diese anonymisierten Daten werden \u2013 getrennt von personenbezogenen Daten \u2013 auf sicheren Systemen gespeichert und k\u00f6nnen keinen individuellen Personen zugeordnet werden. Das bedeutet, dass Ihre personenbezogenen Daten jederzeit gesch\u00fctzt bleiben.<\/p>\n<p><strong>Cookies<br \/>\n<\/strong>Meine Website verwendet so genannte Cookies. Dabei handelt es sich um kleine Textdateien, die mit Hilfe des Browsers auf Ihrem Endger\u00e4t abgelegt werden. Sie richten keinen Schaden an.<\/p>\n<p>Wir nutzen Cookies dazu, unser Angebot nutzerfreundlich zu gestalten. Einige Cookies bleiben auf Ihrem Endger\u00e4t gespeichert, bis Sie diese l\u00f6schen. Sie erm\u00f6glichen es uns, Ihren Browser beim n\u00e4chsten Besuch wiederzuerkennen.<\/p>\n<p>Wenn Sie dies nicht w\u00fcnschen, so k\u00f6nnen Sie Ihren Browser so einrichten, dass er Sie \u00fcber das Setzen von Cookies informiert und Sie dies nur im Einzelfall erlauben.<\/p>\n<p>Bei der Deaktivierung von Cookies kann die Funktionalit\u00e4t unserer Website eingeschr\u00e4nkt sein.<\/p>\n<p><strong>Sicherheit<br \/>\n<\/strong>Ich habe technische und administrative Sicherheitsvorkehrungen getroffen um Ihre personenbezogenen Daten gegen Verlust, Zerst\u00f6rung, Manipulation und unautorisierten Zugriff zu sch\u00fctzen. All meine Mitarbeiter sowie f\u00fcr mich t\u00e4tige Dienstleister sind auf die g\u00fcltigen Datenschutzgesetze verpflichtet.<\/p>\n<p>Wann immer ich personenbezogene Daten sammle und verarbeite werden diese verschl\u00fcsselt bevor sie \u00fcbertragen werden. Das hei\u00dft, dass Ihre Daten nicht von Dritten missbraucht werden k\u00f6nnen. Meine Sicherheitsvorkehrungen unterliegen dabei einem st\u00e4ndigen Verbesserungsprozess und meine Datenschutzerkl\u00e4rung wird st\u00e4ndig \u00fcberarbeitet. Bitte stellen Sie sicher, dass Ihnen die aktuellste Version vorliegt.<\/p>\n<p><strong>Betroffenenrechte<\/strong><br \/>\nIhnen stehen grunds\u00e4tzlich die Rechte auf Auskunft, Berichtigung, L\u00f6schung, Einschr\u00e4nkung, Daten\u00fcbertragbarkeit, Widerruf und Widerspruch zu. Wenn Sie glauben, dass die Verarbeitung Ihrer Daten gegen das Datenschutzrecht verst\u00f6\u00dft oder Ihre datenschutzrechtlichen Anspr\u00fcche sonst in einer Weise verletzt worden sind, k\u00f6nnen Sie sich bei der Aufsichtsbeh\u00f6rde beschweren. In \u00d6sterreich ist dies die Datenschutzbeh\u00f6rde.<\/p>\n<p>Bitte kontaktieren Sie mich jederzeit, wenn Sie sich informieren m\u00f6chten welche personenbezogenen Daten ich \u00fcber Sie speichere bzw. wenn Sie diese berichtigen oder l\u00f6schen lassen wollen. Desweiteren haben Sie das Recht auf Einschr\u00e4nkung der Verarbeitung, ein Widerspruchsrechts gegen die Verarbeitung sowie das Recht auf Daten\u00fcbertragbarkeit.<br \/>\nIn diesen F\u00e4llen wenden Sie sich bitte direkt an mich.<\/p>\n<p><strong>\u00c4nderungen dieser Datenschutzerkl\u00e4rung<br \/>\n<\/strong>Ich behalte mir das Recht vor, meine Datenschutzerkl\u00e4rung zu \u00e4ndern falls dies aufgrund neuer Technologien notwendig sein sollte. Bitte stellen Sie sicher, dass Ihnen die aktuellste Version vorliegt. Werden an dieser Datenschutzerkl\u00e4rung grundlegende \u00c4nderungen vorgenommen, gebe\u00a0ich diese auf meiner Website bekannt.<\/p>\n<p>Alle Interessenten und Besucher unserer Internetseite erreichen uns in Datenschutzfragen unter:<br \/>\nNico Pelz, Bakk.<br \/>\nKIDO SHIATSU<br \/>\nAlszeile 118\/7\/7, 1170 Wien, \u00d6sterreich<br \/>\nTel.: +43 650 436 97 19<br \/>\nE-Mail: nico@kido-shiatsu.at<\/p>\n","protected":false},"excerpt":{"rendered":"<p>Datenschutzerkl\u00e4rung Der Schutz Ihrer pers\u00f6nlichen Daten ist mir ein besonderes Anliegen. Ich verarbeite Ihre Daten daher ausschlie\u00dflich auf Grundlage der gesetzlichen Bestimmungen (DSGVO, TKG 2003). In diesen Datenschutzinformationen informieren ich Sie \u00fcber die wichtigsten Aspekte der Datenverarbeitung im Rahmen unserer Website. Der Schutz Ihrer Privatsph\u00e4re bei der Verarbeitung pers\u00f6nlicher Daten ist f\u00fcr mich ein wichtiges [&hellip;]<\/p>\n","protected":false},"author":1,"featured_media":0,"parent":0,"menu_order":0,"comment_status":"closed","ping_status":"closed","template":"","meta":{"footnotes":""},"class_list":["post-282","page","type-page","status-publish","hentry"],"_links":{"self":[{"href":"http:\/\/www.kido-shiatsu.at\/index.php?rest_route=\/wp\/v2\/pages\/282","targetHints":{"allow":["GET"]}}],"collection":[{"href":"http:\/\/www.kido-shiatsu.at\/index.php?rest_route=\/wp\/v2\/pages"}],"about":[{"href":"http:\/\/www.kido-shiatsu.at\/index.php?rest_route=\/wp\/v2\/types\/page"}],"author":[{"embeddable":true,"href":"http:\/\/www.kido-shiatsu.at\/index.php?rest_route=\/wp\/v2\/users\/1"}],"replies":[{"embeddable":true,"href":"http:\/\/www.kido-shiatsu.at\/index.php?rest_route=%2Fwp%2Fv2%2Fcomments&post=282"}],"version-history":[{"count":6,"href":"http:\/\/www.kido-shiatsu.at\/index.php?rest_route=\/wp\/v2\/pages\/282\/revisions"}],"predecessor-version":[{"id":365,"href":"http:\/\/www.kido-shiatsu.at\/index.php?rest_route=\/wp\/v2\/pages\/282\/revisions\/365"}],"wp:attachment":[{"href":"http:\/\/www.kido-shiatsu.at\/index.php?rest_route=%2Fwp%2Fv2%2Fmedia&parent=282"}],"curies":[{"name":"wp","href":"https:\/\/api.w.org\/{rel}","templated":true}]}}