{"id":248,"date":"2017-03-30T22:25:54","date_gmt":"2017-03-30T20:25:54","guid":{"rendered":"http:\/\/www.kido-shiatsu.at\/?page_id=248"},"modified":"2017-03-30T22:26:03","modified_gmt":"2017-03-30T20:26:03","slug":"moxen-und-schroepfen","status":"publish","type":"page","link":"https:\/\/www.kido-shiatsu.at\/?page_id=248","title":{"rendered":"Moxen und Schr\u00f6pfen"},"content":{"rendered":"<p>Moxen und Schr\u00f6pfen sind beides jahrhundertealte Naturheilverfahren aus der Traditionellen Chinesischen Medizin. Sie dienen unterschiedlichen Zwecken und werden je nach Thematik eingesetzt.<\/p>\n<p><strong><br \/>\nMoxen<\/strong><\/p>\n<p>In der Moxatherapie wird Beifu\u00dfkraut verwendet. Die Moxibustion vertreibt K\u00e4lte und Feuchtigkeit aus den Meridianen bzw. K\u00f6rper, st\u00e4rkt das Yang und regt die Durchblutung an. Sie ist somit eine tonisierende, anregende Therapieform.<\/p>\n<p>Anwendung findet das Moxen unter anderen bei Erk\u00e4ltungen, Schw\u00e4che-und Ersch\u00f6pfungszust\u00e4nden, chronischen Beschwerden am Bewegungsapparat, allgemeiner Abwehrschw\u00e4che. Eingesetzt wird sie je nach Bedarf in unterschiedlichen Variationen der Ausf\u00fchrung. Es gibt Moxakegel, Moxazigarren (punktuelle Erw\u00e4rmung der Akupunkturpunkte) sowie das Moxak\u00e4stchen welches im Gegensatz zu den beiden anderen eine gro\u00dfe (Haut)Fl\u00e4che der Behandlung erm\u00f6glicht.<\/p>\n<p><strong><br \/>\nSchr\u00f6pfen<\/strong><\/p>\n<p>Schr\u00f6pfen findet mittels auf der Haut aufgesetzten Schr\u00f6pfgl\u00e4sern, in denen ein Unterdruck erzeugt wird, statt. Dadurch kommt es zu einer Anregung der Durchblutung, einer Erweiterung der Gef\u00e4\u00dfe und somit zu einer Steigerung des Stoffwechsels.<\/p>\n<p>Schr\u00f6pfen ist ein zerstreuendes Verfahren sprich es wird bei F\u00fcllezust\u00e4nden und Stauungen bzw. Blockaden im System angewendet. Einfachste Form hierf\u00fcr sind schmerzhafte Verspannungen.<\/p>\n","protected":false},"excerpt":{"rendered":"<p>Moxen und Schr\u00f6pfen sind beides jahrhundertealte Naturheilverfahren aus der Traditionellen Chinesischen Medizin. Sie dienen unterschiedlichen Zwecken und werden je nach Thematik eingesetzt. Moxen In der Moxatherapie wird Beifu\u00dfkraut verwendet. Die Moxibustion vertreibt K\u00e4lte und Feuchtigkeit aus den Meridianen bzw. K\u00f6rper, st\u00e4rkt das Yang und regt die Durchblutung an. Sie ist somit eine tonisierende, anregende Therapieform. [&hellip;]<\/p>\n","protected":false},"author":1,"featured_media":0,"parent":0,"menu_order":0,"comment_status":"closed","ping_status":"closed","template":"","meta":{"footnotes":""},"class_list":["post-248","page","type-page","status-publish","hentry"],"_links":{"self":[{"href":"https:\/\/www.kido-shiatsu.at\/index.php?rest_route=\/wp\/v2\/pages\/248","targetHints":{"allow":["GET"]}}],"collection":[{"href":"https:\/\/www.kido-shiatsu.at\/index.php?rest_route=\/wp\/v2\/pages"}],"about":[{"href":"https:\/\/www.kido-shiatsu.at\/index.php?rest_route=\/wp\/v2\/types\/page"}],"author":[{"embeddable":true,"href":"https:\/\/www.kido-shiatsu.at\/index.php?rest_route=\/wp\/v2\/users\/1"}],"replies":[{"embeddable":true,"href":"https:\/\/www.kido-shiatsu.at\/index.php?rest_route=%2Fwp%2Fv2%2Fcomments&post=248"}],"version-history":[{"count":4,"href":"https:\/\/www.kido-shiatsu.at\/index.php?rest_route=\/wp\/v2\/pages\/248\/revisions"}],"predecessor-version":[{"id":252,"href":"https:\/\/www.kido-shiatsu.at\/index.php?rest_route=\/wp\/v2\/pages\/248\/revisions\/252"}],"wp:attachment":[{"href":"https:\/\/www.kido-shiatsu.at\/index.php?rest_route=%2Fwp%2Fv2%2Fmedia&parent=248"}],"curies":[{"name":"wp","href":"https:\/\/api.w.org\/{rel}","templated":true}]}}