{"id":54,"date":"2026-03-03T21:47:12","date_gmt":"2026-03-03T20:47:12","guid":{"rendered":"http:\/\/www.kido-shiatsu.at\/?page_id=54"},"modified":"2026-03-03T21:47:13","modified_gmt":"2026-03-03T20:47:13","slug":"shiatsu","status":"publish","type":"page","link":"https:\/\/www.kido-shiatsu.at\/?page_id=54","title":{"rendered":"Shiatsu"},"content":{"rendered":"<p>&#8230;ist eine auf der traditionellen fern\u00f6stlichen Medizin basierende aus Japan stammende ganzheitliche K\u00f6rperarbeit<br \/>\nund bedeutet \u00fcbersetzt Fingerdruck.<\/p>\n<p>Der Arbeit liegen das 5 Elemente- und das Meridiansystem sowie die traditionellen Akupunkturpunkte (Tsubos) zugrunde.<\/p>\n<p>Ich verwende dabei meine Finger, H\u00e4nde, Ellbogen, Knie und F\u00fc\u00dfe um mit ad\u00e4quaten Druck zu ber\u00fchren &#8211; angepasst an die K\u00f6rperregion und den jeweiligen Menschen mit seinen individuellen Thematiken und Bed\u00fcrfnissen. Weiters sind Mobilisationen, Dehnungen und Sch\u00fcttelungen Bestandteile von Shiatsu.<\/p>\n<p>Das \u00fcbergeordnete Ziel meiner Arbeit ist es einen energetischen Ausgleich zu schaffen und somit einen Selbstregulierungsmechanismus im K\u00f6rper anzukurbeln.<\/p>\n<p><strong><br \/>\n<a href=\"http:\/\/www.kido-shiatsu.at\/?page_id=96\">ANWENDUNGSBEREICHE von SHIATSU<\/a><br \/>\n<\/strong><\/p>\n<p><a href=\"http:\/\/www.kido-shiatsu.at\/?page_id=98\"><strong>BENEFITS von SHIATSU<\/strong><\/a><\/p>\n<p><strong><br \/>\nSHIATSU<\/strong> wird in lockerer Kleidung auf einer Shiatsumatte am Boden praktiziert.<br \/>\nJede Einheit (ca. 55min) besteht aus einem kurzen Gespr\u00e4ch \u00fcber das derzeitige Befinden sowie einer Bauchbefundung. Damit mache ich mir ein energetisches Bild der aktuellen Vorg\u00e4nge im Organsystem, als Grundlage f\u00fcr die anschlie\u00dfende praktische Arbeit.<\/p>\n<hr \/>\n<p>Meine <strong>Behandlungsr\u00e4umlichkeiten<\/strong> finden sich in der <strong>Naikido Shiatsu Schule<\/strong><br \/>\n1160 Wien, Neulerchenfelderstra\u00dfe 65, Hinterhaus 1.Stock<\/p>\n<p><strong>Kosten:<\/strong><\/p>\n<ul>\n<li>pro Behandlung (60-70 Minuten) EUR 90,-<\/li>\n<li>10er Block EUR 810,-<\/li>\n<li>Hausbesuche m\u00f6glich, Preis nach Vereinbarung<\/li>\n<\/ul>\n","protected":false},"excerpt":{"rendered":"<p>&#8230;ist eine auf der traditionellen fern\u00f6stlichen Medizin basierende aus Japan stammende ganzheitliche K\u00f6rperarbeit und bedeutet \u00fcbersetzt Fingerdruck. Der Arbeit liegen das 5 Elemente- und das Meridiansystem sowie die traditionellen Akupunkturpunkte (Tsubos) zugrunde. Ich verwende dabei meine Finger, H\u00e4nde, Ellbogen, Knie und F\u00fc\u00dfe um mit ad\u00e4quaten Druck zu ber\u00fchren &#8211; angepasst an die K\u00f6rperregion und den [&hellip;]<\/p>\n","protected":false},"author":1,"featured_media":0,"parent":0,"menu_order":0,"comment_status":"closed","ping_status":"closed","template":"","meta":{"footnotes":""},"class_list":["post-54","page","type-page","status-publish","hentry"],"_links":{"self":[{"href":"https:\/\/www.kido-shiatsu.at\/index.php?rest_route=\/wp\/v2\/pages\/54","targetHints":{"allow":["GET"]}}],"collection":[{"href":"https:\/\/www.kido-shiatsu.at\/index.php?rest_route=\/wp\/v2\/pages"}],"about":[{"href":"https:\/\/www.kido-shiatsu.at\/index.php?rest_route=\/wp\/v2\/types\/page"}],"author":[{"embeddable":true,"href":"https:\/\/www.kido-shiatsu.at\/index.php?rest_route=\/wp\/v2\/users\/1"}],"replies":[{"embeddable":true,"href":"https:\/\/www.kido-shiatsu.at\/index.php?rest_route=%2Fwp%2Fv2%2Fcomments&post=54"}],"version-history":[{"count":28,"href":"https:\/\/www.kido-shiatsu.at\/index.php?rest_route=\/wp\/v2\/pages\/54\/revisions"}],"predecessor-version":[{"id":377,"href":"https:\/\/www.kido-shiatsu.at\/index.php?rest_route=\/wp\/v2\/pages\/54\/revisions\/377"}],"wp:attachment":[{"href":"https:\/\/www.kido-shiatsu.at\/index.php?rest_route=%2Fwp%2Fv2%2Fmedia&parent=54"}],"curies":[{"name":"wp","href":"https:\/\/api.w.org\/{rel}","templated":true}]}}