{"id":96,"date":"2017-01-26T22:51:48","date_gmt":"2017-01-26T21:51:48","guid":{"rendered":"http:\/\/www.kido-shiatsu.at\/?page_id=96"},"modified":"2017-02-28T22:00:05","modified_gmt":"2017-02-28T21:00:05","slug":"wobei-hilft-mir-shiatsu","status":"publish","type":"page","link":"https:\/\/www.kido-shiatsu.at\/?page_id=96","title":{"rendered":"Wobei hilft mir Shiatsu?"},"content":{"rendered":"<p>&#8230; unter anderem bei:<\/p>\n<ul>\n<li>Akuten und chronischen Beschwerden am Bewegungsapparat<\/li>\n<li>Verdauungsst\u00f6rungen, Sodbrennen, Magenbeschwerden<\/li>\n<li>Infektanf\u00e4lligkeiten (Immunsystem, Harnwegssystem)<\/li>\n<li>Menstruationsbeschwerden<\/li>\n<li>Allergien<\/li>\n<li>Asthma<\/li>\n<li>Migr\u00e4ne<\/li>\n<li>Tinnitus<\/li>\n<li>Psychosomatische Beschwerden<\/li>\n<li>Schlafst\u00f6rungen<\/li>\n<li>Chronische M\u00fcdigkeit<\/li>\n<li>Depressiven Verstimmungen<\/li>\n<li>Innerer Unruhe<\/li>\n<li>Burn Out<\/li>\n<\/ul>\n","protected":false},"excerpt":{"rendered":"<p>&#8230; unter anderem bei: Akuten und chronischen Beschwerden am Bewegungsapparat Verdauungsst\u00f6rungen, Sodbrennen, Magenbeschwerden Infektanf\u00e4lligkeiten (Immunsystem, Harnwegssystem) Menstruationsbeschwerden Allergien Asthma Migr\u00e4ne Tinnitus Psychosomatische Beschwerden Schlafst\u00f6rungen Chronische M\u00fcdigkeit Depressiven Verstimmungen Innerer Unruhe Burn Out<\/p>\n","protected":false},"author":1,"featured_media":0,"parent":0,"menu_order":0,"comment_status":"closed","ping_status":"closed","template":"","meta":{"footnotes":""},"class_list":["post-96","page","type-page","status-publish","hentry"],"_links":{"self":[{"href":"https:\/\/www.kido-shiatsu.at\/index.php?rest_route=\/wp\/v2\/pages\/96","targetHints":{"allow":["GET"]}}],"collection":[{"href":"https:\/\/www.kido-shiatsu.at\/index.php?rest_route=\/wp\/v2\/pages"}],"about":[{"href":"https:\/\/www.kido-shiatsu.at\/index.php?rest_route=\/wp\/v2\/types\/page"}],"author":[{"embeddable":true,"href":"https:\/\/www.kido-shiatsu.at\/index.php?rest_route=\/wp\/v2\/users\/1"}],"replies":[{"embeddable":true,"href":"https:\/\/www.kido-shiatsu.at\/index.php?rest_route=%2Fwp%2Fv2%2Fcomments&post=96"}],"version-history":[{"count":3,"href":"https:\/\/www.kido-shiatsu.at\/index.php?rest_route=\/wp\/v2\/pages\/96\/revisions"}],"predecessor-version":[{"id":235,"href":"https:\/\/www.kido-shiatsu.at\/index.php?rest_route=\/wp\/v2\/pages\/96\/revisions\/235"}],"wp:attachment":[{"href":"https:\/\/www.kido-shiatsu.at\/index.php?rest_route=%2Fwp%2Fv2%2Fmedia&parent=96"}],"curies":[{"name":"wp","href":"https:\/\/api.w.org\/{rel}","templated":true}]}}